{"id":2231,"date":"2025-05-08T12:43:12","date_gmt":"2025-05-08T10:43:12","guid":{"rendered":"https:\/\/schneegloeckle-lech.at\/covid19-informationen-2\/"},"modified":"2025-05-09T18:49:49","modified_gmt":"2025-05-09T16:49:49","slug":"travel-insurance","status":"publish","type":"page","link":"https:\/\/schneegloeckle-lech.at\/en\/travel-insurance\/","title":{"rendered":"Travel Insurance"},"content":{"rendered":"<p>[et_pb_section fb_built=&#8221;1&#8243; admin_label=&#8221;Texts  Section&#8221; module_class=&#8221;covid-texts-section medium-width-section&#8221; _builder_version=&#8221;4.16&#8243; _module_preset=&#8221;default&#8221; custom_margin=&#8221;||||false|false&#8221; custom_padding=&#8221;48px||80px||false|false&#8221; global_colors_info=&#8221;{}&#8221;][et_pb_row admin_label=&#8221;Img with text Row&#8221; _builder_version=&#8221;4.21.0&#8243; _module_preset=&#8221;default&#8221; custom_margin=&#8221;||48px||false|false&#8221; global_colors_info=&#8221;{}&#8221;][et_pb_column type=&#8221;4_4&#8243; _builder_version=&#8221;4.21.0&#8243; _module_preset=&#8221;default&#8221; global_colors_info=&#8221;{}&#8221;][et_pb_image src=&#8221;https:\/\/schneegloeckle-lech.at\/wp-content\/uploads\/2025\/05\/logo-europaeische-big.png&#8221; alt=&#8221;erv-logo&#8221; title_text=&#8221;logo-europaeische-big&#8221; admin_label=&#8221;erv logo&#8221; _builder_version=&#8221;4.21.0&#8243; _module_preset=&#8221;default&#8221; custom_margin=&#8221;||12px||false|false&#8221; global_colors_info=&#8221;{}&#8221;][\/et_pb_image][\/et_pb_column][\/et_pb_row][et_pb_row admin_label=&#8221;Texts Row&#8221; _builder_version=&#8221;4.16&#8243; _module_preset=&#8221;default&#8221; collapsed=&#8221;off&#8221; global_colors_info=&#8221;{}&#8221;][et_pb_column type=&#8221;4_4&#8243; _builder_version=&#8221;4.16&#8243; _module_preset=&#8221;default&#8221; global_colors_info=&#8221;{}&#8221;][et_pb_text admin_label=&#8221;h3 Text&#8221; _builder_version=&#8221;4.21.0&#8243; _module_preset=&#8221;default&#8221; custom_margin=&#8221;||12px||false|false&#8221; global_colors_info=&#8221;{}&#8221;]<\/p>\n<h3>Travel Insurance<\/h3>\n<p>[\/et_pb_text][et_pb_text _builder_version=&#8221;4.27.4&#8243; _module_preset=&#8221;default&#8221; text_text_color=&#8221;#121212&#8243; link_font=&#8221;||||on||||&#8221; link_text_color=&#8221;#4889ec&#8221; custom_margin=&#8221;||12px||false|false&#8221; hover_enabled=&#8221;0&#8243; global_colors_info=&#8221;{}&#8221; sticky_enabled=&#8221;0&#8243;]<\/p>\n<p>Please note: if your travel plans change there will be cancellation fees.<\/p>\n<p><span data-metadata=\"&lt;!--(figmeta)eyJmaWxlS2V5IjoiNmFaSnlxZXVkVzkxbHpRaFhZNjllciIsInBhc3RlSUQiOjkxNjE3NzEyNiwiZGF0YVR5cGUiOiJzY2VuZSJ9Cg==(\/figmeta)--&gt;\"><\/span>We recommend a travel insurance for this case. Please find a detailed calculation and further information <a href=\"https:\/\/www.europaeische.at\/en\/#calculator\" target=\"_blank\" rel=\"noopener\">here<\/a>.<\/p>\n<p>[\/et_pb_text][\/et_pb_column][\/et_pb_row][\/et_pb_section]<\/p>\n","protected":false},"excerpt":{"rendered":"<p>Travel InsurancePlease note: if your travel plans change there will be cancellation fees. We recommend a travel insurance for this case. Please find a detailed calculation and further information here.<\/p>\n","protected":false},"author":1,"featured_media":0,"parent":0,"menu_order":0,"comment_status":"closed","ping_status":"closed","template":"","meta":{"_et_pb_use_builder":"on","_et_pb_old_content":"[et_pb_section fb_built=\"1\" admin_label=\"Texts  Section\" module_class=\"covid-texts-section\" _builder_version=\"4.14.4\" _module_preset=\"default\" custom_margin=\"||||false|false\" custom_padding=\"48px||80px||false|false\" global_colors_info=\"{}\"][et_pb_row admin_label=\"Texts Row\" _builder_version=\"4.14.4\" _module_preset=\"default\" global_colors_info=\"{}\"][et_pb_column type=\"4_4\" _builder_version=\"4.14.4\" _module_preset=\"default\" global_colors_info=\"{}\"][et_pb_text admin_label=\"Headline Text\" _builder_version=\"4.14.4\" _module_preset=\"default\" custom_margin=\"||48px||false|false\" global_colors_info=\"{}\"]\n<h1>COVID19 Informationen<\/h1>\n[\/et_pb_text][et_pb_text admin_label=\"h3 Text\" _builder_version=\"4.14.4\" _module_preset=\"default\" custom_margin=\"||12px||false|false\" global_colors_info=\"{}\"]\n<h3>Wichtiges f\u00fcr Ihren Aufenthalt bei uns im Schneegl\u00f6ckle<\/h3>\n[\/et_pb_text][et_pb_text _builder_version=\"4.14.4\" _module_preset=\"default\" custom_margin=\"||12px||false|false\" global_colors_info=\"{}\"]\n\nTrotz der derzeit schwierigen Umst\u00e4nde, d\u00fcrfen wir Ihnen versichern, dass Sie die Zeit bei uns im Haus wie gewohnt entspannt genie\u00dfen k\u00f6nnen. Um dies zu erm\u00f6glichen, haben wir f\u00fcr Sie einige wichtige Informationen zusammengefasst.\n\n[\/et_pb_text][et_pb_text admin_label=\"h4 Text\" _builder_version=\"4.14.4\" _module_preset=\"default\" custom_margin=\"||12px||false|false\" global_colors_info=\"{}\"]\n<h4>Hygiene &amp; Sauberkeit<\/h4>\n[\/et_pb_text][et_pb_text admin_label=\"Bullet Text\" _builder_version=\"4.14.4\" _module_preset=\"default\" custom_margin=\"||12px||false|false\" global_colors_info=\"{}\"]\n<ul>\n \t<li>T\u00e4gliche Reinigung und Desinfektion aller \u00f6ffentlichen Bereiche<\/li>\n \t<li>Desinfektionsspender in allen \u00f6ffentlichen Bereichen<\/li>\n \t<li>Desinfektion der Zimmer vor Ihrer Anreise<\/li>\n \t<li>T\u00e4gliches L\u00fcften mit frischer, gesunder Bergluft<\/li>\n<\/ul>\n[\/et_pb_text][et_pb_text admin_label=\"h4 Text\" _builder_version=\"4.14.4\" _module_preset=\"default\" custom_margin=\"||12px||false|false\" global_colors_info=\"{}\"]\n<h4>Verhaltensempfehlungen<\/h4>\n[\/et_pb_text][et_pb_text admin_label=\"Bullet Text\" _builder_version=\"4.14.4\" _module_preset=\"default\" custom_margin=\"||48px||false|false\" global_colors_info=\"{}\"]\n<ul>\n \t<li>Einhaltung Mindestabstand von 1 Meter<\/li>\n \t<li>Vermeidung von direktem K\u00f6rperkontakt<\/li>\n \t<li>Mehrmals t\u00e4glich H\u00e4ndewaschen &amp; Desinfizieren<\/li>\n \t<li>Tragen von Mund-Nasen-Schutz<\/li>\n<\/ul>\n[\/et_pb_text][et_pb_text admin_label=\"h3 Text\" _builder_version=\"4.14.4\" _module_preset=\"default\" custom_margin=\"||12px||false|false\" global_colors_info=\"{}\"]\n<h3>Reise\/Stornoversicherung<\/h3>\n[\/et_pb_text][\/et_pb_column][\/et_pb_row][et_pb_row admin_label=\"Img with text Row\" _builder_version=\"4.14.4\" _module_preset=\"default\" custom_margin=\"||48px||false|false\" global_colors_info=\"{}\"][et_pb_column type=\"4_4\" _builder_version=\"4.14.4\" _module_preset=\"default\" global_colors_info=\"{}\"][et_pb_image src=\"https:\/\/schneegloeckle-lech.at\/wp-content\/uploads\/2022\/01\/erv-logo-l.png\" alt=\"erv-logo\" title_text=\"erv-logo-l\" admin_label=\"erv logo\" _builder_version=\"4.14.4\" _module_preset=\"default\" hover_enabled=\"0\" global_colors_info=\"{}\" width=\"146px\" custom_margin=\"||12px||false|false\" sticky_enabled=\"0\"][\/et_pb_image][et_pb_text _builder_version=\"4.14.4\" _module_preset=\"default\" global_colors_info=\"{}\"]\n\nDie Europ\u00e4ische Reiseversicherung bietet eine eigene auf Covid19 abgestimmte Versicherung an. N\u00e4here Informationen finden Sie unter\n<a href=\"https:\/\/start.europaeische.at\/index.php?key=hsp&amp;AGN=10016943\" target=\"_blank\" rel=\"noopener\">https:\/\/start.europaeische.at\/index.php?key=hsp&amp;AGN=10016943<\/a>\n\n[\/et_pb_text][\/et_pb_column][\/et_pb_row][et_pb_row admin_label=\"Texts Row\" _builder_version=\"4.14.4\" _module_preset=\"default\" collapsed=\"off\" global_colors_info=\"{}\"][et_pb_column type=\"4_4\" _builder_version=\"4.14.4\" _module_preset=\"default\" global_colors_info=\"{}\"][et_pb_text admin_label=\"h3 Text\" _builder_version=\"4.14.4\" _module_preset=\"default\" custom_margin=\"||12px||false|false\" global_colors_info=\"{}\"]\n<h3>\u00c4rzte &amp; Testm\u00f6glichkeiten<\/h3>\n[\/et_pb_text][et_pb_text _builder_version=\"4.14.4\" _module_preset=\"default\" custom_margin=\"||12px||false|false\" global_colors_info=\"{}\"]\n\nUnseren G\u00e4sten stehen zwei Gemeinde\u00e4rzte zur Verf\u00fcgung.\n\n[\/et_pb_text][et_pb_text admin_label=\"Text\" _builder_version=\"4.14.4\" _module_preset=\"default\" custom_margin=\"||12px||false|false\" hover_enabled=\"0\" global_colors_info=\"{}\" sticky_enabled=\"0\"]\n\n<strong>Gemeindearzt Dr. Beiser Elmar - Praktischer Arzt, Hausapotheke<\/strong>\nTel.: <a href=\"tel:+43 5583 2032\">+43 5583 2032<\/a>\nEmail: <a href=\"mailto:office@alpinikum.eu\">office@alpinikum.eu<\/a>\n\n[\/et_pb_text][et_pb_text admin_label=\"Text\" _builder_version=\"4.14.4\" _module_preset=\"default\" custom_margin=\"||48px||false|false\" global_colors_info=\"{}\"]\n\n<strong>Gemeindearzt Dr. Muxel Reinhard - Praktischer Arzt, Hausapotheke<\/strong>\nTel.: <a href=\"tel:+43 5583 3300\">+43 5583 3300<\/a>\nEmail: <a href=\"mailto:lechdoktor@gnv.at\">lechdoktor@gnv.at<\/a>\n\n[\/et_pb_text][et_pb_text admin_label=\"h3 Text\" _builder_version=\"4.14.4\" _module_preset=\"default\" custom_margin=\"||12px||false|false\" global_colors_info=\"{}\"]\n<h3>Corona Tests<\/h3>\n[\/et_pb_text][et_pb_text _builder_version=\"4.14.4\" _module_preset=\"default\" custom_margin=\"||12px||false|false\" global_colors_info=\"{}\"]\n\nUnsere Gemeinde\u00e4rzte bieten sowohl Antik\u00f6rper- als auch PCR Tests, nach telefonischer Voranmeldung, w\u00e4hrend der Ordinationszeiten an. Bei den Schnelltests liegt Ihr Ergebnis, welches Sie direkt in der Ordination abholen k\u00f6nnen, innerhalb einer halben Stunde vor.\n\n[\/et_pb_text][\/et_pb_column][\/et_pb_row][\/et_pb_section]","_et_gb_content_width":"","footnotes":""},"class_list":["post-2231","page","type-page","status-publish","hentry"],"yoast_head":"<!-- This site is optimized with the Yoast SEO plugin v25.0 - https:\/\/yoast.com\/wordpress\/plugins\/seo\/ -->\n<title>Travel Insurance - Schneegl\u00f6ckle<\/title>\n<meta name=\"robots\" content=\"index, follow, max-snippet:-1, max-image-preview:large, max-video-preview:-1\" \/>\n<link rel=\"canonical\" href=\"https:\/\/schneegloeckle-lech.at\/en\/travel-insurance\/\" \/>\n<meta property=\"og:locale\" content=\"en_US\" \/>\n<meta property=\"og:type\" content=\"article\" \/>\n<meta property=\"og:title\" content=\"Travel Insurance - Schneegl\u00f6ckle\" \/>\n<meta property=\"og:url\" content=\"https:\/\/schneegloeckle-lech.at\/en\/travel-insurance\/\" \/>\n<meta property=\"og:site_name\" content=\"Schneegl\u00f6ckle\" \/>\n<meta property=\"article:modified_time\" content=\"2025-05-09T16:49:49+00:00\" \/>\n<meta name=\"twitter:card\" content=\"summary_large_image\" \/>\n<meta name=\"twitter:label1\" content=\"Est. reading time\" \/>\n\t<meta name=\"twitter:data1\" content=\"2 minutes\" \/>\n<script type=\"application\/ld+json\" class=\"yoast-schema-graph\">{\"@context\":\"https:\/\/schema.org\",\"@graph\":[{\"@type\":\"WebPage\",\"@id\":\"https:\/\/schneegloeckle-lech.at\/en\/travel-insurance\/\",\"url\":\"https:\/\/schneegloeckle-lech.at\/en\/travel-insurance\/\",\"name\":\"Travel Insurance - Schneegl\u00f6ckle\",\"isPartOf\":{\"@id\":\"https:\/\/schneegloeckle-lech.at\/en\/#website\"},\"datePublished\":\"2025-05-08T10:43:12+00:00\",\"dateModified\":\"2025-05-09T16:49:49+00:00\",\"breadcrumb\":{\"@id\":\"https:\/\/schneegloeckle-lech.at\/en\/travel-insurance\/#breadcrumb\"},\"inLanguage\":\"en-US\",\"potentialAction\":[{\"@type\":\"ReadAction\",\"target\":[\"https:\/\/schneegloeckle-lech.at\/en\/travel-insurance\/\"]}]},{\"@type\":\"BreadcrumbList\",\"@id\":\"https:\/\/schneegloeckle-lech.at\/en\/travel-insurance\/#breadcrumb\",\"itemListElement\":[{\"@type\":\"ListItem\",\"position\":1,\"name\":\"Home\",\"item\":\"https:\/\/schneegloeckle-lech.at\/en\/\"},{\"@type\":\"ListItem\",\"position\":2,\"name\":\"Travel Insurance\"}]},{\"@type\":\"WebSite\",\"@id\":\"https:\/\/schneegloeckle-lech.at\/en\/#website\",\"url\":\"https:\/\/schneegloeckle-lech.at\/en\/\",\"name\":\"Schneegl\u00f6ckle\",\"description\":\"\",\"publisher\":{\"@id\":\"https:\/\/schneegloeckle-lech.at\/en\/#organization\"},\"potentialAction\":[{\"@type\":\"SearchAction\",\"target\":{\"@type\":\"EntryPoint\",\"urlTemplate\":\"https:\/\/schneegloeckle-lech.at\/en\/?s={search_term_string}\"},\"query-input\":{\"@type\":\"PropertyValueSpecification\",\"valueRequired\":true,\"valueName\":\"search_term_string\"}}],\"inLanguage\":\"en-US\"},{\"@type\":\"Organization\",\"@id\":\"https:\/\/schneegloeckle-lech.at\/en\/#organization\",\"name\":\"Deluxe Appartements in Lech - Appartement Schneegl\u00f6ckle\",\"url\":\"https:\/\/schneegloeckle-lech.at\/en\/\",\"logo\":{\"@type\":\"ImageObject\",\"inLanguage\":\"en-US\",\"@id\":\"https:\/\/schneegloeckle-lech.at\/en\/#\/schema\/logo\/image\/\",\"url\":\"https:\/\/schneeglockle.dev.webulos.com\/wp-content\/uploads\/2022\/01\/csp-20211213-schneegloeckle-lech-152.jpg\",\"contentUrl\":\"https:\/\/schneeglockle.dev.webulos.com\/wp-content\/uploads\/2022\/01\/csp-20211213-schneegloeckle-lech-152.jpg\",\"width\":2500,\"height\":1667,\"caption\":\"Deluxe Appartements in Lech - Appartement Schneegl\u00f6ckle\"},\"image\":{\"@id\":\"https:\/\/schneegloeckle-lech.at\/en\/#\/schema\/logo\/image\/\"}}]}<\/script>\n<!-- \/ Yoast SEO plugin. -->","yoast_head_json":{"title":"Travel Insurance - Schneegl\u00f6ckle","robots":{"index":"index","follow":"follow","max-snippet":"max-snippet:-1","max-image-preview":"max-image-preview:large","max-video-preview":"max-video-preview:-1"},"canonical":"https:\/\/schneegloeckle-lech.at\/en\/travel-insurance\/","og_locale":"en_US","og_type":"article","og_title":"Travel Insurance - Schneegl\u00f6ckle","og_url":"https:\/\/schneegloeckle-lech.at\/en\/travel-insurance\/","og_site_name":"Schneegl\u00f6ckle","article_modified_time":"2025-05-09T16:49:49+00:00","twitter_card":"summary_large_image","twitter_misc":{"Est. reading time":"2 minutes"},"schema":{"@context":"https:\/\/schema.org","@graph":[{"@type":"WebPage","@id":"https:\/\/schneegloeckle-lech.at\/en\/travel-insurance\/","url":"https:\/\/schneegloeckle-lech.at\/en\/travel-insurance\/","name":"Travel Insurance - Schneegl\u00f6ckle","isPartOf":{"@id":"https:\/\/schneegloeckle-lech.at\/en\/#website"},"datePublished":"2025-05-08T10:43:12+00:00","dateModified":"2025-05-09T16:49:49+00:00","breadcrumb":{"@id":"https:\/\/schneegloeckle-lech.at\/en\/travel-insurance\/#breadcrumb"},"inLanguage":"en-US","potentialAction":[{"@type":"ReadAction","target":["https:\/\/schneegloeckle-lech.at\/en\/travel-insurance\/"]}]},{"@type":"BreadcrumbList","@id":"https:\/\/schneegloeckle-lech.at\/en\/travel-insurance\/#breadcrumb","itemListElement":[{"@type":"ListItem","position":1,"name":"Home","item":"https:\/\/schneegloeckle-lech.at\/en\/"},{"@type":"ListItem","position":2,"name":"Travel Insurance"}]},{"@type":"WebSite","@id":"https:\/\/schneegloeckle-lech.at\/en\/#website","url":"https:\/\/schneegloeckle-lech.at\/en\/","name":"Schneegl\u00f6ckle","description":"","publisher":{"@id":"https:\/\/schneegloeckle-lech.at\/en\/#organization"},"potentialAction":[{"@type":"SearchAction","target":{"@type":"EntryPoint","urlTemplate":"https:\/\/schneegloeckle-lech.at\/en\/?s={search_term_string}"},"query-input":{"@type":"PropertyValueSpecification","valueRequired":true,"valueName":"search_term_string"}}],"inLanguage":"en-US"},{"@type":"Organization","@id":"https:\/\/schneegloeckle-lech.at\/en\/#organization","name":"Deluxe Appartements in Lech - Appartement Schneegl\u00f6ckle","url":"https:\/\/schneegloeckle-lech.at\/en\/","logo":{"@type":"ImageObject","inLanguage":"en-US","@id":"https:\/\/schneegloeckle-lech.at\/en\/#\/schema\/logo\/image\/","url":"https:\/\/schneeglockle.dev.webulos.com\/wp-content\/uploads\/2022\/01\/csp-20211213-schneegloeckle-lech-152.jpg","contentUrl":"https:\/\/schneeglockle.dev.webulos.com\/wp-content\/uploads\/2022\/01\/csp-20211213-schneegloeckle-lech-152.jpg","width":2500,"height":1667,"caption":"Deluxe Appartements in Lech - Appartement Schneegl\u00f6ckle"},"image":{"@id":"https:\/\/schneegloeckle-lech.at\/en\/#\/schema\/logo\/image\/"}}]}},"_links":{"self":[{"href":"https:\/\/schneegloeckle-lech.at\/en\/wp-json\/wp\/v2\/pages\/2231","targetHints":{"allow":["GET"]}}],"collection":[{"href":"https:\/\/schneegloeckle-lech.at\/en\/wp-json\/wp\/v2\/pages"}],"about":[{"href":"https:\/\/schneegloeckle-lech.at\/en\/wp-json\/wp\/v2\/types\/page"}],"author":[{"embeddable":true,"href":"https:\/\/schneegloeckle-lech.at\/en\/wp-json\/wp\/v2\/users\/1"}],"replies":[{"embeddable":true,"href":"https:\/\/schneegloeckle-lech.at\/en\/wp-json\/wp\/v2\/comments?post=2231"}],"version-history":[{"count":5,"href":"https:\/\/schneegloeckle-lech.at\/en\/wp-json\/wp\/v2\/pages\/2231\/revisions"}],"predecessor-version":[{"id":2312,"href":"https:\/\/schneegloeckle-lech.at\/en\/wp-json\/wp\/v2\/pages\/2231\/revisions\/2312"}],"wp:attachment":[{"href":"https:\/\/schneegloeckle-lech.at\/en\/wp-json\/wp\/v2\/media?parent=2231"}],"curies":[{"name":"wp","href":"https:\/\/api.w.org\/{rel}","templated":true}]}}