{"id":997,"date":"2022-01-19T14:30:00","date_gmt":"2022-01-19T13:30:00","guid":{"rendered":"https:\/\/schneegloeckle-lech.at\/?page_id=997"},"modified":"2023-05-04T09:12:29","modified_gmt":"2023-05-04T07:12:29","slug":"impressum","status":"publish","type":"page","link":"https:\/\/schneegloeckle-lech.at\/en\/impressum\/","title":{"rendered":"Legacy Notice"},"content":{"rendered":"<p>[et_pb_section fb_built=&#8221;1&#8243; module_class=&#8221;privacy-section medium-width-section&#8221; _builder_version=&#8221;4.14.6&#8243; _module_preset=&#8221;default&#8221; custom_padding=&#8221;||80px||false|false&#8221; global_colors_info=&#8221;{}&#8221;][et_pb_row _builder_version=&#8221;4.14.4&#8243; _module_preset=&#8221;default&#8221; global_colors_info=&#8221;{}&#8221;][et_pb_column type=&#8221;4_4&#8243; _builder_version=&#8221;4.14.4&#8243; _module_preset=&#8221;default&#8221; global_colors_info=&#8221;{}&#8221;][et_pb_text _builder_version=&#8221;4.14.7&#8243; _module_preset=&#8221;default&#8221; hover_enabled=&#8221;0&#8243; global_colors_info=&#8221;{}&#8221; sticky_enabled=&#8221;0&#8243;]<\/p>\n<h2>Legal Noticy<\/h2>\n<p>Information in accordance with \u00a75 of the E-Commerce Act, \u00a714 of the Unternehmensgesetzbuch, \u00a763 of the Commercial Code and disclosure requirements under \u00a725 of the Media Act.<\/p>\n<p>Bettina &amp; Johannes Bischof<br \/>Oberlech 703,<br \/>6764 Lech am Arlberg,<br \/>\u00d6sterreich<\/p>\n<p><b>VAT-Number:<\/b> ATU64690228<\/p>\n<p><strong>Tel.:<\/strong> +43 5583 3144<br \/><strong>Fax:<\/strong> +43 5583 3144-10<br \/><strong>E-Mail:<\/strong> <a href=\"mailto:info@schneegloeckle.at\">info@schneegloeckle.at<\/a><\/p>\n<p><strong>Who is Responsible for the Processing of Your Personal Data?<\/strong><\/p>\n<p>The responsible authority within the terms of the General Data Protection Regulation (GDPR) and other data protection regulations is\u00a0Bettina &amp; Johannes Bischof, Oberlech 703, 6764 Lech am Arlberg,\u00a0\u00d6sterreich.<\/p>\n<p>Vertretungsberechtigt: Johannes Bischof<br \/>E-Mail-Adresse: <a href=\"mailto:info@schneegloeckle.at\">info@schneegloeckle.at<\/a><br \/>Telefon: +43 5583 3144<br \/>Impressum: <a href=\"https:\/\/schneegloeckle.at\" target=\"_self\" rel=\"noopener\">https:\/\/schneegloeckle.at<\/a><\/p>\n<p><strong>EU Dispute Resolution<\/strong><\/p>\n<p>In accordance with the Regulation on Online Dispute Resolution in Consumer Matters (ODR Regulation), we would like to inform you about the online dispute resolution platform (OS platform).<br \/>Consumers have the possibility to submit complaints to the online dispute resolution platform of the European Commission at https:\/\/ec.europa.eu\/odr?tid=121721601. You will find the necessary contact details for this above in our imprint.<br \/>However, we would like to point out that we are not willing or obliged to participate in dispute resolution proceedings before a consumer arbitration board.<\/p>\n<p><strong>Liability for the contents of this website<\/strong><\/p>\n<p>We are constantly developing the contents of this website and make every effort to provide correct and up-to-date information.\u00a0 Unfortunately, we cannot assume liability for the correctness of all content on this website, especially for that provided by third parties. As a service provider, we are not obliged to monitor the information transmitted or stored by them or to investigate circumstances that indicate illegal activity.<br \/>Our obligations to remove information or to block the use of information according to the general laws due to judicial or official orders remain unaffected by this, even in the case of our non-responsibility.<br \/>If you notice problematic or illegal content, please contact us immediately so that we can remove the illegal content. You will find the contact details in the imprint.<\/p>\n<p><strong>Liability for links on this website<\/strong><\/p>\n<p>Our website contains links to other websites for whose content we are not responsible. We are not liable for linked websites, as we were and are not aware of any unlawful activities, we have not noticed any such unlawful activities and we would remove links immediately if we became aware of any unlawful activities.<br \/>If you notice illegal links on our website, please contact us. You will find the contact details in the imprint.<\/p>\n<p><strong>Copyright notice<\/strong><\/p>\n<p>All contents of this website (pictures, photos, texts, videos) are subject to copyright. Please ask us before you distribute, reproduce or exploit the contents of this website, such as republishing on other websites. If necessary, we will legally pursue the unauthorized use of parts of the content of our site.<br \/>If you find any content on this site that infringes copyright, please contact us.<\/p>\n<p><strong>Picture credits<\/strong><\/p>\n<p><span style=\"font-size: 18px;\">The images and illustrations on this website are protected by copyright. The image rights are held by the following photographers and companies:<\/span><\/p>\n<ul>\n<li>Marc Walser <a href=\"https:\/\/www.panograf.at\/\">https:\/\/www.panograf.at\/<\/a><\/li>\n<li>Christoph Sch\u00f6ch <a href=\"https:\/\/www.christophschoech.com\/\">https:\/\/www.christophschoech.com\/<\/a><\/li>\n<li>Marcel Hagen <a href=\"https:\/\/www.studio22.at\/\">https:\/\/www.studio22.at\/<\/a><\/li>\n<\/ul>\n<p style=\"margin-top: 15px;\">Quelle: Erstellt mit dem <a href=\"https:\/\/www.adsimple.at\/impressum-generator\/\" title=\"Impressum Generator von AdSimple f\u00fcr \u00d6sterreich\">Impressum Generator<\/a> von AdSimple<\/p>\n<p>[\/et_pb_text][\/et_pb_column][\/et_pb_row][\/et_pb_section]<\/p>\n","protected":false},"excerpt":{"rendered":"<p>Legal Noticy Information in accordance with \u00a75 of the E-Commerce Act, \u00a714 of the Unternehmensgesetzbuch, \u00a763 of the Commercial Code and disclosure requirements under \u00a725 of the Media Act. Bettina &amp; Johannes BischofOberlech 703,6764 Lech am Arlberg,\u00d6sterreich VAT-Number: ATU64690228 Tel.: +43 5583 3144Fax: +43 5583 3144-10E-Mail: info@schneegloeckle.at Who is Responsible for the Processing of Your [&hellip;]<\/p>\n","protected":false},"author":1,"featured_media":0,"parent":0,"menu_order":0,"comment_status":"closed","ping_status":"closed","template":"","meta":{"_et_pb_use_builder":"on","_et_pb_old_content":"[et_pb_section fb_built=\"1\" module_class=\"privacy-section\" _builder_version=\"4.14.4\" _module_preset=\"default\" custom_padding=\"||80px||false|false\" global_colors_info=\"{}\"][et_pb_row _builder_version=\"4.14.4\" _module_preset=\"default\" global_colors_info=\"{}\"][et_pb_column type=\"4_4\" _builder_version=\"4.14.4\" _module_preset=\"default\" global_colors_info=\"{}\"][et_pb_text _builder_version=\"4.14.4\" _module_preset=\"default\" hover_enabled=\"0\" global_colors_info=\"{}\" sticky_enabled=\"0\"]\n<h1>Impressum<\/h1>\nInformationspflicht laut \u00a75 E-Commerce Gesetz, \u00a714 Unternehmensgesetzbuch, \u00a763 Gewerbeordnung und Offenlegungspflicht&nbsp;laut \u00a725 Mediengesetz.\n\nBettina &amp; Johannes Bischof\nOberlech 703,\n6764 Lech am Arlberg,\n\u00d6sterreich\n\n<strong>UID-Nummer:<\/strong> ATU64690228\n\n<strong>Tel.:<\/strong> +43 5583 3144\n<strong>Fax:<\/strong> +43 5583 3144-10\n<strong>E-Mail:<\/strong> <a href=\"mailto:info@schneegloeckle.at\">info@schneegloeckle.at<\/a>\n\n<strong>Kontaktdaten des Verantwortlichen f\u00fcr Datenschutz<\/strong>\nSollten Sie Fragen zum Datenschutz haben, finden Sie nachfolgend die Kontaktdaten der verantwortlichen Person&nbsp;bzw. Stelle:&nbsp;Bettina &amp; Johannes Bischof, Oberlech 703, 6764 Lech am Arlberg,&nbsp;\u00d6sterreich\n\nVertretungsberechtigt: Johannes Bischof\nE-Mail-Adresse: <a href=\"mailto:info@schneegloeckle.at\">info@schneegloeckle.at<\/a>\nTelefon: +43 5583 3144\nImpressum: <a href=\"https:\/\/schneegloeckle.at\" target=\"_self\" rel=\"noopener\">https:\/\/schneegloeckle.at<\/a>\n<h2 id=\"eu-streitschlichtung\">EU-Streitschlichtung<\/h2>\nGem\u00e4\u00df Verordnung \u00fcber Online-Streitbeilegung in Verbraucherangelegenheiten (ODR-Verordnung) m\u00f6chten wir Sie \u00fcber die&nbsp;Online-Streitbeilegungsplattform (OS-Plattform) informieren.\nVerbraucher haben die M\u00f6glichkeit, Beschwerden an die Online Streitbeilegungsplattform der Europ\u00e4ischen Kommission&nbsp;unter <a href=\"https:\/\/ec.europa.eu\/consumers\/odr\/main\/index.cfm?event=main.home2.show&amp;lng=DE\" target=\"_blank\" rel=\"noopener\">http:\/\/ec.europa.eu\/odr?tid=121914960<\/a> zu richten. Die daf\u00fcr notwendigen Kontaktdaten finden&nbsp;Sie oberhalb in unserem Impressum.\n\nWir m\u00f6chten Sie jedoch darauf hinweisen, dass wir nicht bereit oder verpflichtet sind, an Streitbeilegungsverfahren&nbsp;vor einer Verbraucherschlichtungsstelle teilzunehmen.\n<h2 id=\"haftung-fuer-inhalte-dieser-webseite\">Haftung f\u00fcr Inhalte dieser Website<\/h2>\nWir entwickeln die Inhalte dieser Website st\u00e4ndig weiter und bem\u00fchen uns korrekte und aktuelle Informationen\nbereitzustellen. Leider k\u00f6nnen wir keine Haftung f\u00fcr die Korrektheit aller Inhalte auf dieser Website \u00fcbernehmen,\nspeziell f\u00fcr jene, die seitens Dritter bereitgestellt wurden. Als Diensteanbieter sind wir nicht verpflichtet, die\nvon ihnen \u00fcbermittelten oder gespeicherten Informationen zu \u00fcberwachen oder nach Umst\u00e4nden zu forschen, die auf eine&nbsp;rechtswidrige T\u00e4tigkeit hinweisen.\n\nUnsere Verpflichtungen zur Entfernung von Informationen oder zur Sperrung der Nutzung von Informationen nach den&nbsp;allgemeinen Gesetzen aufgrund von gerichtlichen oder beh\u00f6rdlichen Anordnungen bleiben auch im Falle unserer&nbsp;\n\nNichtverantwortlichkeit davon unber\u00fchrt.\n\nSollten Ihnen problematische oder rechtswidrige Inhalte auffallen, bitte wir Sie uns umgehend zu kontaktieren, damit&nbsp;wir die rechtswidrigen Inhalte entfernen k\u00f6nnen. Sie finden die Kontaktdaten im Impressum.\n<h2 id=\"haftung-links-webseite\">Haftung f\u00fcr Links auf dieser Website<\/h2>\nUnsere Website enth\u00e4lt Links zu anderen Websites f\u00fcr deren Inhalt wir nicht verantwortlich sind. Haftung f\u00fcr\nverlinkte Websites besteht f\u00fcr uns nicht, da wir keine Kenntnis rechtswidriger T\u00e4tigkeiten hatten und haben, uns\nsolche Rechtswidrigkeiten auch bisher nicht aufgefallen sind und wir Links sofort entfernen w\u00fcrden, wenn uns\nRechtswidrigkeiten bekannt werden.\n\nWenn Ihnen rechtswidrige Links auf unserer Website auffallen, bitte wir Sie uns zu kontaktieren. Sie finden die\nKontaktdaten im Impressum.\n<h2 id=\"urheberrechtshinweis\">Urheberrechtshinweis<\/h2>\nAlle Inhalte dieser Webseite (Bilder, Fotos, Texte, Videos) unterliegen dem Urheberrecht. Bitte fragen Sie uns bevor&nbsp;Sie die Inhalte dieser Website verbreiten, vervielf\u00e4ltigen oder verwerten wie zum Beispiel auf anderen Websites&nbsp;erneut ver\u00f6ffentlichen. Falls notwendig, werden wir die unerlaubte Nutzung von Teilen der Inhalte unserer Seite&nbsp;rechtlich verfolgen.\n\nSollten Sie auf dieser Webseite Inhalte finden, die das Urheberrecht verletzen, bitten wir Sie uns zu kontaktieren.\n<h2 id=\"bildernachweis\">Bildernachweis<\/h2>\nDie Bilder, Fotos und Grafiken auf dieser Webseite sind urheberrechtlich gesch\u00fctzt.\n\nDie Bilderrechte liegen bei den folgenden Fotografen und Unternehmen:\n<ul>\n \t<li>Fotografen: Marc Walser, Marcel Hagen, Christoph Sch\u00f6ch<\/li>\n \t<li>\u00a9 Lech-Z\u00fcrs Tourismus GmbH<\/li>\n<\/ul>\nAlle Texte sind urheberrechtlich gesch\u00fctzt.\n<p style=\"margin-top: 15px;\">Quelle: Erstellt mit dem <a href=\"https:\/\/www.adsimple.at\/impressum-generator\/\" title=\"Impressum Generator von AdSimple f\u00fcr \u00d6sterreich\">Impressum Generator<\/a> von AdSimple<\/p>\n[\/et_pb_text][\/et_pb_column][\/et_pb_row][\/et_pb_section]","_et_gb_content_width":"","footnotes":""},"class_list":["post-997","page","type-page","status-publish","hentry"],"yoast_head":"<!-- This site is optimized with the Yoast SEO plugin v25.0 - https:\/\/yoast.com\/wordpress\/plugins\/seo\/ -->\n<title>Legacy Notice - Schneegl\u00f6ckle<\/title>\n<meta name=\"robots\" content=\"index, follow, max-snippet:-1, max-image-preview:large, max-video-preview:-1\" \/>\n<link rel=\"canonical\" href=\"https:\/\/schneegloeckle-lech.at\/en\/impressum\/\" \/>\n<meta property=\"og:locale\" content=\"en_US\" \/>\n<meta property=\"og:type\" content=\"article\" \/>\n<meta property=\"og:title\" content=\"Legacy Notice - Schneegl\u00f6ckle\" \/>\n<meta property=\"og:url\" content=\"https:\/\/schneegloeckle-lech.at\/en\/impressum\/\" \/>\n<meta property=\"og:site_name\" content=\"Schneegl\u00f6ckle\" \/>\n<meta property=\"article:modified_time\" content=\"2023-05-04T07:12:29+00:00\" \/>\n<meta name=\"twitter:card\" content=\"summary_large_image\" \/>\n<meta name=\"twitter:label1\" content=\"Est. reading time\" \/>\n\t<meta name=\"twitter:data1\" content=\"3 minutes\" \/>\n<script type=\"application\/ld+json\" class=\"yoast-schema-graph\">{\"@context\":\"https:\/\/schema.org\",\"@graph\":[{\"@type\":\"WebPage\",\"@id\":\"https:\/\/schneegloeckle-lech.at\/en\/impressum\/\",\"url\":\"https:\/\/schneegloeckle-lech.at\/en\/impressum\/\",\"name\":\"Legacy Notice - Schneegl\u00f6ckle\",\"isPartOf\":{\"@id\":\"https:\/\/schneegloeckle-lech.at\/en\/#website\"},\"datePublished\":\"2022-01-19T13:30:00+00:00\",\"dateModified\":\"2023-05-04T07:12:29+00:00\",\"breadcrumb\":{\"@id\":\"https:\/\/schneegloeckle-lech.at\/en\/impressum\/#breadcrumb\"},\"inLanguage\":\"en-US\",\"potentialAction\":[{\"@type\":\"ReadAction\",\"target\":[\"https:\/\/schneegloeckle-lech.at\/en\/impressum\/\"]}]},{\"@type\":\"BreadcrumbList\",\"@id\":\"https:\/\/schneegloeckle-lech.at\/en\/impressum\/#breadcrumb\",\"itemListElement\":[{\"@type\":\"ListItem\",\"position\":1,\"name\":\"Home\",\"item\":\"https:\/\/schneegloeckle-lech.at\/en\/\"},{\"@type\":\"ListItem\",\"position\":2,\"name\":\"Legacy Notice\"}]},{\"@type\":\"WebSite\",\"@id\":\"https:\/\/schneegloeckle-lech.at\/en\/#website\",\"url\":\"https:\/\/schneegloeckle-lech.at\/en\/\",\"name\":\"Schneegl\u00f6ckle\",\"description\":\"\",\"publisher\":{\"@id\":\"https:\/\/schneegloeckle-lech.at\/en\/#organization\"},\"potentialAction\":[{\"@type\":\"SearchAction\",\"target\":{\"@type\":\"EntryPoint\",\"urlTemplate\":\"https:\/\/schneegloeckle-lech.at\/en\/?s={search_term_string}\"},\"query-input\":{\"@type\":\"PropertyValueSpecification\",\"valueRequired\":true,\"valueName\":\"search_term_string\"}}],\"inLanguage\":\"en-US\"},{\"@type\":\"Organization\",\"@id\":\"https:\/\/schneegloeckle-lech.at\/en\/#organization\",\"name\":\"Deluxe Appartements in Lech - Appartement Schneegl\u00f6ckle\",\"url\":\"https:\/\/schneegloeckle-lech.at\/en\/\",\"logo\":{\"@type\":\"ImageObject\",\"inLanguage\":\"en-US\",\"@id\":\"https:\/\/schneegloeckle-lech.at\/en\/#\/schema\/logo\/image\/\",\"url\":\"https:\/\/schneeglockle.dev.webulos.com\/wp-content\/uploads\/2022\/01\/csp-20211213-schneegloeckle-lech-152.jpg\",\"contentUrl\":\"https:\/\/schneeglockle.dev.webulos.com\/wp-content\/uploads\/2022\/01\/csp-20211213-schneegloeckle-lech-152.jpg\",\"width\":2500,\"height\":1667,\"caption\":\"Deluxe Appartements in Lech - Appartement Schneegl\u00f6ckle\"},\"image\":{\"@id\":\"https:\/\/schneegloeckle-lech.at\/en\/#\/schema\/logo\/image\/\"}}]}<\/script>\n<!-- \/ Yoast SEO plugin. -->","yoast_head_json":{"title":"Legacy Notice - Schneegl\u00f6ckle","robots":{"index":"index","follow":"follow","max-snippet":"max-snippet:-1","max-image-preview":"max-image-preview:large","max-video-preview":"max-video-preview:-1"},"canonical":"https:\/\/schneegloeckle-lech.at\/en\/impressum\/","og_locale":"en_US","og_type":"article","og_title":"Legacy Notice - Schneegl\u00f6ckle","og_url":"https:\/\/schneegloeckle-lech.at\/en\/impressum\/","og_site_name":"Schneegl\u00f6ckle","article_modified_time":"2023-05-04T07:12:29+00:00","twitter_card":"summary_large_image","twitter_misc":{"Est. reading time":"3 minutes"},"schema":{"@context":"https:\/\/schema.org","@graph":[{"@type":"WebPage","@id":"https:\/\/schneegloeckle-lech.at\/en\/impressum\/","url":"https:\/\/schneegloeckle-lech.at\/en\/impressum\/","name":"Legacy Notice - Schneegl\u00f6ckle","isPartOf":{"@id":"https:\/\/schneegloeckle-lech.at\/en\/#website"},"datePublished":"2022-01-19T13:30:00+00:00","dateModified":"2023-05-04T07:12:29+00:00","breadcrumb":{"@id":"https:\/\/schneegloeckle-lech.at\/en\/impressum\/#breadcrumb"},"inLanguage":"en-US","potentialAction":[{"@type":"ReadAction","target":["https:\/\/schneegloeckle-lech.at\/en\/impressum\/"]}]},{"@type":"BreadcrumbList","@id":"https:\/\/schneegloeckle-lech.at\/en\/impressum\/#breadcrumb","itemListElement":[{"@type":"ListItem","position":1,"name":"Home","item":"https:\/\/schneegloeckle-lech.at\/en\/"},{"@type":"ListItem","position":2,"name":"Legacy Notice"}]},{"@type":"WebSite","@id":"https:\/\/schneegloeckle-lech.at\/en\/#website","url":"https:\/\/schneegloeckle-lech.at\/en\/","name":"Schneegl\u00f6ckle","description":"","publisher":{"@id":"https:\/\/schneegloeckle-lech.at\/en\/#organization"},"potentialAction":[{"@type":"SearchAction","target":{"@type":"EntryPoint","urlTemplate":"https:\/\/schneegloeckle-lech.at\/en\/?s={search_term_string}"},"query-input":{"@type":"PropertyValueSpecification","valueRequired":true,"valueName":"search_term_string"}}],"inLanguage":"en-US"},{"@type":"Organization","@id":"https:\/\/schneegloeckle-lech.at\/en\/#organization","name":"Deluxe Appartements in Lech - Appartement Schneegl\u00f6ckle","url":"https:\/\/schneegloeckle-lech.at\/en\/","logo":{"@type":"ImageObject","inLanguage":"en-US","@id":"https:\/\/schneegloeckle-lech.at\/en\/#\/schema\/logo\/image\/","url":"https:\/\/schneeglockle.dev.webulos.com\/wp-content\/uploads\/2022\/01\/csp-20211213-schneegloeckle-lech-152.jpg","contentUrl":"https:\/\/schneeglockle.dev.webulos.com\/wp-content\/uploads\/2022\/01\/csp-20211213-schneegloeckle-lech-152.jpg","width":2500,"height":1667,"caption":"Deluxe Appartements in Lech - Appartement Schneegl\u00f6ckle"},"image":{"@id":"https:\/\/schneegloeckle-lech.at\/en\/#\/schema\/logo\/image\/"}}]}},"_links":{"self":[{"href":"https:\/\/schneegloeckle-lech.at\/en\/wp-json\/wp\/v2\/pages\/997","targetHints":{"allow":["GET"]}}],"collection":[{"href":"https:\/\/schneegloeckle-lech.at\/en\/wp-json\/wp\/v2\/pages"}],"about":[{"href":"https:\/\/schneegloeckle-lech.at\/en\/wp-json\/wp\/v2\/types\/page"}],"author":[{"embeddable":true,"href":"https:\/\/schneegloeckle-lech.at\/en\/wp-json\/wp\/v2\/users\/1"}],"replies":[{"embeddable":true,"href":"https:\/\/schneegloeckle-lech.at\/en\/wp-json\/wp\/v2\/comments?post=997"}],"version-history":[{"count":10,"href":"https:\/\/schneegloeckle-lech.at\/en\/wp-json\/wp\/v2\/pages\/997\/revisions"}],"predecessor-version":[{"id":1911,"href":"https:\/\/schneegloeckle-lech.at\/en\/wp-json\/wp\/v2\/pages\/997\/revisions\/1911"}],"wp:attachment":[{"href":"https:\/\/schneegloeckle-lech.at\/en\/wp-json\/wp\/v2\/media?parent=997"}],"curies":[{"name":"wp","href":"https:\/\/api.w.org\/{rel}","templated":true}]}}